{"id":7,"date":"2019-08-20T20:38:45","date_gmt":"2019-08-20T18:38:45","guid":{"rendered":"http:\/\/35.180.77.79\/?page_id=2"},"modified":"2025-05-04T23:37:37","modified_gmt":"2025-05-04T21:37:37","slug":"jourtranquille-performancemarketing","status":"publish","type":"page","link":"https:\/\/www.jourtranquille.com\/","title":{"rendered":"Editeur ROI-ste de contenus pour le marketing \u00e0 la performance"},"content":{"rendered":"\n<p>JourTranquille, <strong>\u00e9diteur m\u00e9dias &amp; de contenus<\/strong>, a mis en  place une large gamme de <a href=\".\/index.php\/nos-sites-medias\/\">sites et de supports<\/a> afin de r\u00e9pondre aux besoins de retour sur investissement des marques.<\/p>\n\n\n\n<p>Nos \u00e9quipes de consultants regroupent des experts en production de contenu, en Search  Marketing (SEA), en Social Media Advertising (SMA), en <a href=\".\/index.php\/strategie-implementation-et-suivi-des-optimisations-techniques-et-semantiques-pour-un-referencement-naturel-seo-optimal-par-jourtranquille\/\">r\u00e9f\u00e9rencement<\/a> (SEO), en gestion des comparateurs de prix, et en <a href=\".\/index.php\/integration-de-programmes-daffiliation-par-jourtranquille\/\">affiliation<\/a>.<\/p>\n\n\n\n<p>JourTranquille d\u00e9veloppe des dispositifs \u00e0 la performance via<strong> la g\u00e9n\u00e9ration de contenu pertinent<\/strong> afin de garantir un ROI optimal pour les marques. Nous facilitons le d\u00e9veloppement des activit\u00e9s digitale&nbsp;de nos clients en ad\u00e9quation avec leur probl\u00e9matique : <strong>recrutement<\/strong> de nouveaux prospects, g\u00e9n\u00e9ration de<strong> leads<\/strong>, d\u00e9veloppement des <strong>ventes<\/strong>, etc. <\/p>\n\n\n\n<p>Les consultants de JourTranquille assurent un suivi quotidien de l&#8217;\u00e9volution des statistiques de fa\u00e7on \u00e0 optimiser toujours plus les ressources n\u00e9cessaires et faire b\u00e9n\u00e9ficier les annonceurs de retours sur exp\u00e9rience qualitatifs. <\/p>\n\n\n\n<p class=\"has-text-align-center\"><img loading=\"lazy\" decoding=\"async\" src=\"https:\/\/www.jourtranquille.com\/wp-content\/uploads\/sites\/18\/2023\/05\/icone.png\" alt=\"JourTranquille\" width=\"60\" height=\"60\"><\/p>\n","protected":false},"excerpt":{"rendered":"<p>JourTranquille, \u00e9diteur m\u00e9dias &amp; de contenus, a mis en place une large gamme de sites et de supports afin de r\u00e9pondre aux besoins de retour sur investissement des marques. Nos \u00e9quipes de consultants regroupent des experts en production de contenu, en Search Marketing (SEA), en Social Media Advertising (SMA), en r\u00e9f\u00e9rencement (SEO), en gestion des &hellip; <\/p>\n<p class=\"link-more\"><a href=\"https:\/\/www.jourtranquille.com\/\" class=\"more-link\">Continuer la lecture<span class=\"screen-reader-text\"> de &laquo;&nbsp;Editeur ROI-ste de contenus pour le marketing \u00e0 la performance&nbsp;&raquo;<\/span><\/a><\/p>\n","protected":false},"author":2,"featured_media":0,"parent":0,"menu_order":0,"comment_status":"closed","ping_status":"open","template":"","meta":{"footnotes":""},"class_list":["post-7","page","type-page","status-publish","hentry"],"yoast_head":"<!-- This site is optimized with the Yoast SEO plugin v27.4 - https:\/\/yoast.com\/product\/yoast-seo-wordpress\/ -->\n<title>Editeur ROI-ste de contenus pour le marketing \u00e0 la performance<\/title>\n<meta name=\"description\" content=\"JourTranquille, \u00e9diteur ROI-ste de contenus pour le marketing \u00e0 la performance, a mis en place une large gamme de sites et de supports\" \/>\n<meta name=\"robots\" content=\"index, follow, max-snippet:-1, max-image-preview:large, max-video-preview:-1\" \/>\n<link rel=\"canonical\" href=\"https:\/\/www.jourtranquille.com\/\" \/>\n<meta property=\"og:locale\" content=\"fr_FR\" \/>\n<meta property=\"og:type\" content=\"article\" \/>\n<meta property=\"og:title\" content=\"Editeur ROI-ste de contenus pour le marketing \u00e0 la performance\" \/>\n<meta property=\"og:description\" content=\"JourTranquille, \u00e9diteur ROI-ste de contenus pour le marketing \u00e0 la performance, a mis en place une large gamme de sites et de supports\" \/>\n<meta property=\"og:url\" content=\"https:\/\/www.jourtranquille.com\/\" \/>\n<meta property=\"og:site_name\" content=\"JourTranquille\" \/>\n<meta property=\"article:modified_time\" content=\"2025-05-04T21:37:37+00:00\" \/>\n<meta property=\"og:image\" content=\"https:\/\/www.jourtranquille.com\/wp-content\/uploads\/sites\/18\/2023\/05\/icone.png\" \/>\n<meta name=\"twitter:card\" content=\"summary_large_image\" \/>\n<meta name=\"twitter:label1\" content=\"Dur\u00e9e de lecture estim\u00e9e\" \/>\n\t<meta name=\"twitter:data1\" content=\"1 minute\" \/>\n<script type=\"application\/ld+json\" class=\"yoast-schema-graph\">{\"@context\":\"https:\\\/\\\/schema.org\",\"@graph\":[{\"@type\":\"WebPage\",\"@id\":\"https:\\\/\\\/www.jourtranquille.com\\\/\",\"url\":\"https:\\\/\\\/www.jourtranquille.com\\\/\",\"name\":\"Editeur ROI-ste de contenus pour le marketing \u00e0 la performance\",\"isPartOf\":{\"@id\":\"https:\\\/\\\/www.jourtranquille.com\\\/#website\"},\"primaryImageOfPage\":{\"@id\":\"https:\\\/\\\/www.jourtranquille.com\\\/#primaryimage\"},\"image\":{\"@id\":\"https:\\\/\\\/www.jourtranquille.com\\\/#primaryimage\"},\"thumbnailUrl\":\"https:\\\/\\\/www.jourtranquille.com\\\/wp-content\\\/uploads\\\/sites\\\/18\\\/2023\\\/05\\\/icone.png\",\"datePublished\":\"2019-08-20T18:38:45+00:00\",\"dateModified\":\"2025-05-04T21:37:37+00:00\",\"description\":\"JourTranquille, \u00e9diteur ROI-ste de contenus pour le marketing \u00e0 la performance, a mis en place une large gamme de sites et de supports\",\"breadcrumb\":{\"@id\":\"https:\\\/\\\/www.jourtranquille.com\\\/#breadcrumb\"},\"inLanguage\":\"fr-FR\",\"potentialAction\":[{\"@type\":\"ReadAction\",\"target\":[\"https:\\\/\\\/www.jourtranquille.com\\\/\"]}]},{\"@type\":\"ImageObject\",\"inLanguage\":\"fr-FR\",\"@id\":\"https:\\\/\\\/www.jourtranquille.com\\\/#primaryimage\",\"url\":\"https:\\\/\\\/www.jourtranquille.com\\\/wp-content\\\/uploads\\\/sites\\\/18\\\/2023\\\/05\\\/icone.png\",\"contentUrl\":\"https:\\\/\\\/www.jourtranquille.com\\\/wp-content\\\/uploads\\\/sites\\\/18\\\/2023\\\/05\\\/icone.png\",\"width\":518,\"height\":512},{\"@type\":\"BreadcrumbList\",\"@id\":\"https:\\\/\\\/www.jourtranquille.com\\\/#breadcrumb\",\"itemListElement\":[{\"@type\":\"ListItem\",\"position\":1,\"name\":\"Accueil\",\"item\":\"https:\\\/\\\/www.jourtranquille.com\\\/\"},{\"@type\":\"ListItem\",\"position\":2,\"name\":\"Editeur ROI-ste de contenus pour le marketing \u00e0 la performance\"}]},{\"@type\":\"WebSite\",\"@id\":\"https:\\\/\\\/www.jourtranquille.com\\\/#website\",\"url\":\"https:\\\/\\\/www.jourtranquille.com\\\/\",\"name\":\"JourTranquille\",\"description\":\"Performance M\u00e9dia\",\"publisher\":{\"@id\":\"https:\\\/\\\/www.jourtranquille.com\\\/#organization\"},\"potentialAction\":[{\"@type\":\"SearchAction\",\"target\":{\"@type\":\"EntryPoint\",\"urlTemplate\":\"https:\\\/\\\/www.jourtranquille.com\\\/?s={search_term_string}\"},\"query-input\":{\"@type\":\"PropertyValueSpecification\",\"valueRequired\":true,\"valueName\":\"search_term_string\"}}],\"inLanguage\":\"fr-FR\"},{\"@type\":\"Organization\",\"@id\":\"https:\\\/\\\/www.jourtranquille.com\\\/#organization\",\"name\":\"JourTranquille\",\"url\":\"https:\\\/\\\/www.jourtranquille.com\\\/\",\"logo\":{\"@type\":\"ImageObject\",\"inLanguage\":\"fr-FR\",\"@id\":\"https:\\\/\\\/www.jourtranquille.com\\\/#\\\/schema\\\/logo\\\/image\\\/\",\"url\":\"https:\\\/\\\/www.jourtranquille.com\\\/wp-content\\\/uploads\\\/sites\\\/18\\\/2023\\\/05\\\/cropped-Logo_JT_2.png\",\"contentUrl\":\"https:\\\/\\\/www.jourtranquille.com\\\/wp-content\\\/uploads\\\/sites\\\/18\\\/2023\\\/05\\\/cropped-Logo_JT_2.png\",\"width\":1017,\"height\":250,\"caption\":\"JourTranquille\"},\"image\":{\"@id\":\"https:\\\/\\\/www.jourtranquille.com\\\/#\\\/schema\\\/logo\\\/image\\\/\"}}]}<\/script>\n<!-- \/ Yoast SEO plugin. -->","yoast_head_json":{"title":"Editeur ROI-ste de contenus pour le marketing \u00e0 la performance","description":"JourTranquille, \u00e9diteur ROI-ste de contenus pour le marketing \u00e0 la performance, a mis en place une large gamme de sites et de supports","robots":{"index":"index","follow":"follow","max-snippet":"max-snippet:-1","max-image-preview":"max-image-preview:large","max-video-preview":"max-video-preview:-1"},"canonical":"https:\/\/www.jourtranquille.com\/","og_locale":"fr_FR","og_type":"article","og_title":"Editeur ROI-ste de contenus pour le marketing \u00e0 la performance","og_description":"JourTranquille, \u00e9diteur ROI-ste de contenus pour le marketing \u00e0 la performance, a mis en place une large gamme de sites et de supports","og_url":"https:\/\/www.jourtranquille.com\/","og_site_name":"JourTranquille","article_modified_time":"2025-05-04T21:37:37+00:00","og_image":[{"url":"https:\/\/www.jourtranquille.com\/wp-content\/uploads\/sites\/18\/2023\/05\/icone.png","type":"","width":"","height":""}],"twitter_card":"summary_large_image","twitter_misc":{"Dur\u00e9e de lecture estim\u00e9e":"1 minute"},"schema":{"@context":"https:\/\/schema.org","@graph":[{"@type":"WebPage","@id":"https:\/\/www.jourtranquille.com\/","url":"https:\/\/www.jourtranquille.com\/","name":"Editeur ROI-ste de contenus pour le marketing \u00e0 la performance","isPartOf":{"@id":"https:\/\/www.jourtranquille.com\/#website"},"primaryImageOfPage":{"@id":"https:\/\/www.jourtranquille.com\/#primaryimage"},"image":{"@id":"https:\/\/www.jourtranquille.com\/#primaryimage"},"thumbnailUrl":"https:\/\/www.jourtranquille.com\/wp-content\/uploads\/sites\/18\/2023\/05\/icone.png","datePublished":"2019-08-20T18:38:45+00:00","dateModified":"2025-05-04T21:37:37+00:00","description":"JourTranquille, \u00e9diteur ROI-ste de contenus pour le marketing \u00e0 la performance, a mis en place une large gamme de sites et de supports","breadcrumb":{"@id":"https:\/\/www.jourtranquille.com\/#breadcrumb"},"inLanguage":"fr-FR","potentialAction":[{"@type":"ReadAction","target":["https:\/\/www.jourtranquille.com\/"]}]},{"@type":"ImageObject","inLanguage":"fr-FR","@id":"https:\/\/www.jourtranquille.com\/#primaryimage","url":"https:\/\/www.jourtranquille.com\/wp-content\/uploads\/sites\/18\/2023\/05\/icone.png","contentUrl":"https:\/\/www.jourtranquille.com\/wp-content\/uploads\/sites\/18\/2023\/05\/icone.png","width":518,"height":512},{"@type":"BreadcrumbList","@id":"https:\/\/www.jourtranquille.com\/#breadcrumb","itemListElement":[{"@type":"ListItem","position":1,"name":"Accueil","item":"https:\/\/www.jourtranquille.com\/"},{"@type":"ListItem","position":2,"name":"Editeur ROI-ste de contenus pour le marketing \u00e0 la performance"}]},{"@type":"WebSite","@id":"https:\/\/www.jourtranquille.com\/#website","url":"https:\/\/www.jourtranquille.com\/","name":"JourTranquille","description":"Performance M\u00e9dia","publisher":{"@id":"https:\/\/www.jourtranquille.com\/#organization"},"potentialAction":[{"@type":"SearchAction","target":{"@type":"EntryPoint","urlTemplate":"https:\/\/www.jourtranquille.com\/?s={search_term_string}"},"query-input":{"@type":"PropertyValueSpecification","valueRequired":true,"valueName":"search_term_string"}}],"inLanguage":"fr-FR"},{"@type":"Organization","@id":"https:\/\/www.jourtranquille.com\/#organization","name":"JourTranquille","url":"https:\/\/www.jourtranquille.com\/","logo":{"@type":"ImageObject","inLanguage":"fr-FR","@id":"https:\/\/www.jourtranquille.com\/#\/schema\/logo\/image\/","url":"https:\/\/www.jourtranquille.com\/wp-content\/uploads\/sites\/18\/2023\/05\/cropped-Logo_JT_2.png","contentUrl":"https:\/\/www.jourtranquille.com\/wp-content\/uploads\/sites\/18\/2023\/05\/cropped-Logo_JT_2.png","width":1017,"height":250,"caption":"JourTranquille"},"image":{"@id":"https:\/\/www.jourtranquille.com\/#\/schema\/logo\/image\/"}}]}},"_links":{"self":[{"href":"https:\/\/www.jourtranquille.com\/index.php\/wp-json\/wp\/v2\/pages\/7","targetHints":{"allow":["GET"]}}],"collection":[{"href":"https:\/\/www.jourtranquille.com\/index.php\/wp-json\/wp\/v2\/pages"}],"about":[{"href":"https:\/\/www.jourtranquille.com\/index.php\/wp-json\/wp\/v2\/types\/page"}],"author":[{"embeddable":true,"href":"https:\/\/www.jourtranquille.com\/index.php\/wp-json\/wp\/v2\/users\/2"}],"replies":[{"embeddable":true,"href":"https:\/\/www.jourtranquille.com\/index.php\/wp-json\/wp\/v2\/comments?post=7"}],"version-history":[{"count":0,"href":"https:\/\/www.jourtranquille.com\/index.php\/wp-json\/wp\/v2\/pages\/7\/revisions"}],"wp:attachment":[{"href":"https:\/\/www.jourtranquille.com\/index.php\/wp-json\/wp\/v2\/media?parent=7"}],"curies":[{"name":"wp","href":"https:\/\/api.w.org\/{rel}","templated":true}]}}