{"id":38,"date":"2019-08-21T12:27:43","date_gmt":"2019-08-21T10:27:43","guid":{"rendered":"http:\/\/35.180.77.79\/?page_id=38"},"modified":"2025-05-04T23:38:55","modified_gmt":"2025-05-04T21:38:55","slug":"nos-sites-medias","status":"publish","type":"page","link":"https:\/\/www.jourtranquille.com\/index.php\/nos-sites-medias\/","title":{"rendered":"Nos sites m\u00e9dias"},"content":{"rendered":"\n<p>JourTranquille d\u00e9veloppe des sites th\u00e9matiques sur diff\u00e9rents secteurs d&#8217;activit\u00e9 : <strong>finance, assurance, mobilit\u00e9, automobile, e-commerce, tourisme,<\/strong> etc.<\/p>\n\n\n\n<p>Pour en savoir plus contactez nous sur affiliate+@+jourtranquille.com<\/p>\n\n\n\n<p class=\"has-text-align-center\"><img loading=\"lazy\" decoding=\"async\" src=\"https:\/\/www.jourtranquille.com\/wp-content\/uploads\/sites\/18\/2023\/05\/icone.png\" alt=\"JourTranquille\" width=\"60\" height=\"60\"><\/p>\n","protected":false},"excerpt":{"rendered":"<p>JourTranquille d\u00e9veloppe des sites th\u00e9matiques sur diff\u00e9rents secteurs d&#8217;activit\u00e9 : finance, assurance, mobilit\u00e9, automobile, e-commerce, tourisme, etc. Pour en savoir plus contactez nous sur affiliate+@+jourtranquille.com<\/p>\n","protected":false},"author":2,"featured_media":0,"parent":0,"menu_order":0,"comment_status":"closed","ping_status":"closed","template":"","meta":{"footnotes":""},"class_list":["post-38","page","type-page","status-publish","hentry"],"yoast_head":"<!-- This site is optimized with the Yoast SEO plugin v27.4 - https:\/\/yoast.com\/product\/yoast-seo-wordpress\/ -->\n<title>Nos sites m\u00e9dias - JourTranquille<\/title>\n<meta name=\"robots\" content=\"index, follow, max-snippet:-1, max-image-preview:large, max-video-preview:-1\" \/>\n<link rel=\"canonical\" href=\"https:\/\/www.jourtranquille.com\/index.php\/nos-sites-medias\/\" \/>\n<meta property=\"og:locale\" content=\"fr_FR\" \/>\n<meta property=\"og:type\" content=\"article\" \/>\n<meta property=\"og:title\" content=\"Nos sites m\u00e9dias - JourTranquille\" \/>\n<meta property=\"og:description\" content=\"JourTranquille d\u00e9veloppe des sites th\u00e9matiques sur diff\u00e9rents secteurs d&#8217;activit\u00e9 : finance, assurance, mobilit\u00e9, automobile, e-commerce, tourisme, etc. Pour en savoir plus contactez nous sur affiliate+@+jourtranquille.com\" \/>\n<meta property=\"og:url\" content=\"https:\/\/www.jourtranquille.com\/index.php\/nos-sites-medias\/\" \/>\n<meta property=\"og:site_name\" content=\"JourTranquille\" \/>\n<meta property=\"article:modified_time\" content=\"2025-05-04T21:38:55+00:00\" \/>\n<meta property=\"og:image\" content=\"https:\/\/www.jourtranquille.com\/wp-content\/uploads\/sites\/18\/2023\/05\/icone.png\" \/>\n<meta name=\"twitter:card\" content=\"summary_large_image\" \/>\n<meta name=\"twitter:label1\" content=\"Dur\u00e9e de lecture estim\u00e9e\" \/>\n\t<meta name=\"twitter:data1\" content=\"1 minute\" \/>\n<script type=\"application\/ld+json\" class=\"yoast-schema-graph\">{\"@context\":\"https:\\\/\\\/schema.org\",\"@graph\":[{\"@type\":\"WebPage\",\"@id\":\"https:\\\/\\\/www.jourtranquille.com\\\/index.php\\\/nos-sites-medias\\\/\",\"url\":\"https:\\\/\\\/www.jourtranquille.com\\\/index.php\\\/nos-sites-medias\\\/\",\"name\":\"Nos sites m\u00e9dias - JourTranquille\",\"isPartOf\":{\"@id\":\"https:\\\/\\\/www.jourtranquille.com\\\/#website\"},\"primaryImageOfPage\":{\"@id\":\"https:\\\/\\\/www.jourtranquille.com\\\/index.php\\\/nos-sites-medias\\\/#primaryimage\"},\"image\":{\"@id\":\"https:\\\/\\\/www.jourtranquille.com\\\/index.php\\\/nos-sites-medias\\\/#primaryimage\"},\"thumbnailUrl\":\"https:\\\/\\\/www.jourtranquille.com\\\/wp-content\\\/uploads\\\/sites\\\/18\\\/2023\\\/05\\\/icone.png\",\"datePublished\":\"2019-08-21T10:27:43+00:00\",\"dateModified\":\"2025-05-04T21:38:55+00:00\",\"breadcrumb\":{\"@id\":\"https:\\\/\\\/www.jourtranquille.com\\\/index.php\\\/nos-sites-medias\\\/#breadcrumb\"},\"inLanguage\":\"fr-FR\",\"potentialAction\":[{\"@type\":\"ReadAction\",\"target\":[\"https:\\\/\\\/www.jourtranquille.com\\\/index.php\\\/nos-sites-medias\\\/\"]}]},{\"@type\":\"ImageObject\",\"inLanguage\":\"fr-FR\",\"@id\":\"https:\\\/\\\/www.jourtranquille.com\\\/index.php\\\/nos-sites-medias\\\/#primaryimage\",\"url\":\"https:\\\/\\\/www.jourtranquille.com\\\/wp-content\\\/uploads\\\/sites\\\/18\\\/2023\\\/05\\\/icone.png\",\"contentUrl\":\"https:\\\/\\\/www.jourtranquille.com\\\/wp-content\\\/uploads\\\/sites\\\/18\\\/2023\\\/05\\\/icone.png\",\"width\":518,\"height\":512},{\"@type\":\"BreadcrumbList\",\"@id\":\"https:\\\/\\\/www.jourtranquille.com\\\/index.php\\\/nos-sites-medias\\\/#breadcrumb\",\"itemListElement\":[{\"@type\":\"ListItem\",\"position\":1,\"name\":\"Accueil\",\"item\":\"https:\\\/\\\/www.jourtranquille.com\\\/\"},{\"@type\":\"ListItem\",\"position\":2,\"name\":\"Nos sites m\u00e9dias\"}]},{\"@type\":\"WebSite\",\"@id\":\"https:\\\/\\\/www.jourtranquille.com\\\/#website\",\"url\":\"https:\\\/\\\/www.jourtranquille.com\\\/\",\"name\":\"JourTranquille\",\"description\":\"Performance M\u00e9dia\",\"publisher\":{\"@id\":\"https:\\\/\\\/www.jourtranquille.com\\\/#organization\"},\"potentialAction\":[{\"@type\":\"SearchAction\",\"target\":{\"@type\":\"EntryPoint\",\"urlTemplate\":\"https:\\\/\\\/www.jourtranquille.com\\\/?s={search_term_string}\"},\"query-input\":{\"@type\":\"PropertyValueSpecification\",\"valueRequired\":true,\"valueName\":\"search_term_string\"}}],\"inLanguage\":\"fr-FR\"},{\"@type\":\"Organization\",\"@id\":\"https:\\\/\\\/www.jourtranquille.com\\\/#organization\",\"name\":\"JourTranquille\",\"url\":\"https:\\\/\\\/www.jourtranquille.com\\\/\",\"logo\":{\"@type\":\"ImageObject\",\"inLanguage\":\"fr-FR\",\"@id\":\"https:\\\/\\\/www.jourtranquille.com\\\/#\\\/schema\\\/logo\\\/image\\\/\",\"url\":\"https:\\\/\\\/www.jourtranquille.com\\\/wp-content\\\/uploads\\\/sites\\\/18\\\/2023\\\/05\\\/cropped-Logo_JT_2.png\",\"contentUrl\":\"https:\\\/\\\/www.jourtranquille.com\\\/wp-content\\\/uploads\\\/sites\\\/18\\\/2023\\\/05\\\/cropped-Logo_JT_2.png\",\"width\":1017,\"height\":250,\"caption\":\"JourTranquille\"},\"image\":{\"@id\":\"https:\\\/\\\/www.jourtranquille.com\\\/#\\\/schema\\\/logo\\\/image\\\/\"}}]}<\/script>\n<!-- \/ Yoast SEO plugin. -->","yoast_head_json":{"title":"Nos sites m\u00e9dias - JourTranquille","robots":{"index":"index","follow":"follow","max-snippet":"max-snippet:-1","max-image-preview":"max-image-preview:large","max-video-preview":"max-video-preview:-1"},"canonical":"https:\/\/www.jourtranquille.com\/index.php\/nos-sites-medias\/","og_locale":"fr_FR","og_type":"article","og_title":"Nos sites m\u00e9dias - JourTranquille","og_description":"JourTranquille d\u00e9veloppe des sites th\u00e9matiques sur diff\u00e9rents secteurs d&#8217;activit\u00e9 : finance, assurance, mobilit\u00e9, automobile, e-commerce, tourisme, etc. Pour en savoir plus contactez nous sur affiliate+@+jourtranquille.com","og_url":"https:\/\/www.jourtranquille.com\/index.php\/nos-sites-medias\/","og_site_name":"JourTranquille","article_modified_time":"2025-05-04T21:38:55+00:00","og_image":[{"url":"https:\/\/www.jourtranquille.com\/wp-content\/uploads\/sites\/18\/2023\/05\/icone.png","type":"","width":"","height":""}],"twitter_card":"summary_large_image","twitter_misc":{"Dur\u00e9e de lecture estim\u00e9e":"1 minute"},"schema":{"@context":"https:\/\/schema.org","@graph":[{"@type":"WebPage","@id":"https:\/\/www.jourtranquille.com\/index.php\/nos-sites-medias\/","url":"https:\/\/www.jourtranquille.com\/index.php\/nos-sites-medias\/","name":"Nos sites m\u00e9dias - JourTranquille","isPartOf":{"@id":"https:\/\/www.jourtranquille.com\/#website"},"primaryImageOfPage":{"@id":"https:\/\/www.jourtranquille.com\/index.php\/nos-sites-medias\/#primaryimage"},"image":{"@id":"https:\/\/www.jourtranquille.com\/index.php\/nos-sites-medias\/#primaryimage"},"thumbnailUrl":"https:\/\/www.jourtranquille.com\/wp-content\/uploads\/sites\/18\/2023\/05\/icone.png","datePublished":"2019-08-21T10:27:43+00:00","dateModified":"2025-05-04T21:38:55+00:00","breadcrumb":{"@id":"https:\/\/www.jourtranquille.com\/index.php\/nos-sites-medias\/#breadcrumb"},"inLanguage":"fr-FR","potentialAction":[{"@type":"ReadAction","target":["https:\/\/www.jourtranquille.com\/index.php\/nos-sites-medias\/"]}]},{"@type":"ImageObject","inLanguage":"fr-FR","@id":"https:\/\/www.jourtranquille.com\/index.php\/nos-sites-medias\/#primaryimage","url":"https:\/\/www.jourtranquille.com\/wp-content\/uploads\/sites\/18\/2023\/05\/icone.png","contentUrl":"https:\/\/www.jourtranquille.com\/wp-content\/uploads\/sites\/18\/2023\/05\/icone.png","width":518,"height":512},{"@type":"BreadcrumbList","@id":"https:\/\/www.jourtranquille.com\/index.php\/nos-sites-medias\/#breadcrumb","itemListElement":[{"@type":"ListItem","position":1,"name":"Accueil","item":"https:\/\/www.jourtranquille.com\/"},{"@type":"ListItem","position":2,"name":"Nos sites m\u00e9dias"}]},{"@type":"WebSite","@id":"https:\/\/www.jourtranquille.com\/#website","url":"https:\/\/www.jourtranquille.com\/","name":"JourTranquille","description":"Performance M\u00e9dia","publisher":{"@id":"https:\/\/www.jourtranquille.com\/#organization"},"potentialAction":[{"@type":"SearchAction","target":{"@type":"EntryPoint","urlTemplate":"https:\/\/www.jourtranquille.com\/?s={search_term_string}"},"query-input":{"@type":"PropertyValueSpecification","valueRequired":true,"valueName":"search_term_string"}}],"inLanguage":"fr-FR"},{"@type":"Organization","@id":"https:\/\/www.jourtranquille.com\/#organization","name":"JourTranquille","url":"https:\/\/www.jourtranquille.com\/","logo":{"@type":"ImageObject","inLanguage":"fr-FR","@id":"https:\/\/www.jourtranquille.com\/#\/schema\/logo\/image\/","url":"https:\/\/www.jourtranquille.com\/wp-content\/uploads\/sites\/18\/2023\/05\/cropped-Logo_JT_2.png","contentUrl":"https:\/\/www.jourtranquille.com\/wp-content\/uploads\/sites\/18\/2023\/05\/cropped-Logo_JT_2.png","width":1017,"height":250,"caption":"JourTranquille"},"image":{"@id":"https:\/\/www.jourtranquille.com\/#\/schema\/logo\/image\/"}}]}},"_links":{"self":[{"href":"https:\/\/www.jourtranquille.com\/index.php\/wp-json\/wp\/v2\/pages\/38","targetHints":{"allow":["GET"]}}],"collection":[{"href":"https:\/\/www.jourtranquille.com\/index.php\/wp-json\/wp\/v2\/pages"}],"about":[{"href":"https:\/\/www.jourtranquille.com\/index.php\/wp-json\/wp\/v2\/types\/page"}],"author":[{"embeddable":true,"href":"https:\/\/www.jourtranquille.com\/index.php\/wp-json\/wp\/v2\/users\/2"}],"replies":[{"embeddable":true,"href":"https:\/\/www.jourtranquille.com\/index.php\/wp-json\/wp\/v2\/comments?post=38"}],"version-history":[{"count":0,"href":"https:\/\/www.jourtranquille.com\/index.php\/wp-json\/wp\/v2\/pages\/38\/revisions"}],"wp:attachment":[{"href":"https:\/\/www.jourtranquille.com\/index.php\/wp-json\/wp\/v2\/media?parent=38"}],"curies":[{"name":"wp","href":"https:\/\/api.w.org\/{rel}","templated":true}]}}