{"id":31,"date":"2019-08-21T12:16:22","date_gmt":"2019-08-21T10:16:22","guid":{"rendered":"http:\/\/35.180.77.79\/?page_id=31"},"modified":"2025-05-08T20:26:32","modified_gmt":"2025-05-08T18:26:32","slug":"integration-de-programmes-daffiliation-par-jourtranquille","status":"publish","type":"page","link":"https:\/\/www.jourtranquille.com\/index.php\/integration-de-programmes-daffiliation-par-jourtranquille\/","title":{"rendered":"Int\u00e9gration de programmes d&#8217;affiliation par JourTranquille"},"content":{"rendered":"\n<p>Forte de relations partenaires solides et p\u00e9rennes avec les plus grandes plates-formes d&#8217;affiliation du march\u00e9, JourTranquille int\u00e8gre des programmes d&#8217;affiliation pertinents pour augmenter ventes et g\u00e9n\u00e9ration de leads pour les marques.<\/p>\n\n\n\n<p>De la n\u00e9gociation propre aupr\u00e8s des plates-formes d&#8217;affiliation \u00e0 l&#8217;int\u00e9gration au sein des sites propri\u00e9taires de JourTranquille nous ma\u00eetrisons tous les aspects du m\u00e9tier de l&#8217;affiliation.<\/p>\n\n\n\n<p>Gr\u00e2ce \u00e0 l&#8217;exp\u00e9rience \u00e9prouv\u00e9e en cr\u00e9ation de contenu, les experts du p\u00f4le affiliation de JourTranquille proposent les meilleurs dispositifs pour d\u00e9velopper une int\u00e9gration p\u00e9renne des marques au sein des supports. <\/p>\n\n\n\n<p class=\"has-text-align-center\"><img loading=\"lazy\" decoding=\"async\" src=\"https:\/\/www.jourtranquille.com\/wp-content\/uploads\/sites\/18\/2023\/05\/icone.png\" alt=\"JourTranquille\" width=\"60\" height=\"60\"><\/p>\n","protected":false},"excerpt":{"rendered":"<p>Forte de relations partenaires solides et p\u00e9rennes avec les plus grandes plates-formes d&#8217;affiliation du march\u00e9, JourTranquille int\u00e8gre des programmes d&#8217;affiliation pertinents pour augmenter ventes et g\u00e9n\u00e9ration de leads pour les marques. De la n\u00e9gociation propre aupr\u00e8s des plates-formes d&#8217;affiliation \u00e0 l&#8217;int\u00e9gration au sein des sites propri\u00e9taires de JourTranquille nous ma\u00eetrisons tous les aspects du m\u00e9tier &hellip; <\/p>\n<p class=\"link-more\"><a href=\"https:\/\/www.jourtranquille.com\/index.php\/integration-de-programmes-daffiliation-par-jourtranquille\/\" class=\"more-link\">Continuer la lecture<span class=\"screen-reader-text\"> de &laquo;&nbsp;Int\u00e9gration de programmes d&#8217;affiliation par JourTranquille&nbsp;&raquo;<\/span><\/a><\/p>\n","protected":false},"author":2,"featured_media":0,"parent":0,"menu_order":0,"comment_status":"closed","ping_status":"closed","template":"","meta":{"footnotes":""},"class_list":["post-31","page","type-page","status-publish","hentry"],"yoast_head":"<!-- This site is optimized with the Yoast SEO plugin v27.4 - https:\/\/yoast.com\/product\/yoast-seo-wordpress\/ -->\n<title>Int\u00e9gration de programmes d&#039;affiliation par JourTranquille - JourTranquille<\/title>\n<meta name=\"description\" content=\"Int\u00e9gration de programmes d&#039;affiliation par JourTranquille\" \/>\n<meta name=\"robots\" content=\"index, follow, max-snippet:-1, max-image-preview:large, max-video-preview:-1\" \/>\n<link rel=\"canonical\" href=\"https:\/\/www.jourtranquille.com\/index.php\/integration-de-programmes-daffiliation-par-jourtranquille\/\" \/>\n<meta property=\"og:locale\" content=\"fr_FR\" \/>\n<meta property=\"og:type\" content=\"article\" \/>\n<meta property=\"og:title\" content=\"Int\u00e9gration de programmes d&#039;affiliation par JourTranquille - JourTranquille\" \/>\n<meta property=\"og:description\" content=\"Int\u00e9gration de programmes d&#039;affiliation par JourTranquille\" \/>\n<meta property=\"og:url\" content=\"https:\/\/www.jourtranquille.com\/index.php\/integration-de-programmes-daffiliation-par-jourtranquille\/\" \/>\n<meta property=\"og:site_name\" content=\"JourTranquille\" \/>\n<meta property=\"article:modified_time\" content=\"2025-05-08T18:26:32+00:00\" \/>\n<meta property=\"og:image\" content=\"https:\/\/www.jourtranquille.com\/wp-content\/uploads\/sites\/18\/2023\/05\/icone.png\" \/>\n<meta name=\"twitter:card\" content=\"summary_large_image\" \/>\n<meta name=\"twitter:label1\" content=\"Dur\u00e9e de lecture estim\u00e9e\" \/>\n\t<meta name=\"twitter:data1\" content=\"1 minute\" \/>\n<script type=\"application\/ld+json\" class=\"yoast-schema-graph\">{\"@context\":\"https:\\\/\\\/schema.org\",\"@graph\":[{\"@type\":\"WebPage\",\"@id\":\"https:\\\/\\\/www.jourtranquille.com\\\/index.php\\\/integration-de-programmes-daffiliation-par-jourtranquille\\\/\",\"url\":\"https:\\\/\\\/www.jourtranquille.com\\\/index.php\\\/integration-de-programmes-daffiliation-par-jourtranquille\\\/\",\"name\":\"Int\u00e9gration de programmes d'affiliation par JourTranquille - JourTranquille\",\"isPartOf\":{\"@id\":\"https:\\\/\\\/www.jourtranquille.com\\\/#website\"},\"primaryImageOfPage\":{\"@id\":\"https:\\\/\\\/www.jourtranquille.com\\\/index.php\\\/integration-de-programmes-daffiliation-par-jourtranquille\\\/#primaryimage\"},\"image\":{\"@id\":\"https:\\\/\\\/www.jourtranquille.com\\\/index.php\\\/integration-de-programmes-daffiliation-par-jourtranquille\\\/#primaryimage\"},\"thumbnailUrl\":\"https:\\\/\\\/www.jourtranquille.com\\\/wp-content\\\/uploads\\\/sites\\\/18\\\/2023\\\/05\\\/icone.png\",\"datePublished\":\"2019-08-21T10:16:22+00:00\",\"dateModified\":\"2025-05-08T18:26:32+00:00\",\"description\":\"Int\u00e9gration de programmes d'affiliation par JourTranquille\",\"breadcrumb\":{\"@id\":\"https:\\\/\\\/www.jourtranquille.com\\\/index.php\\\/integration-de-programmes-daffiliation-par-jourtranquille\\\/#breadcrumb\"},\"inLanguage\":\"fr-FR\",\"potentialAction\":[{\"@type\":\"ReadAction\",\"target\":[\"https:\\\/\\\/www.jourtranquille.com\\\/index.php\\\/integration-de-programmes-daffiliation-par-jourtranquille\\\/\"]}]},{\"@type\":\"ImageObject\",\"inLanguage\":\"fr-FR\",\"@id\":\"https:\\\/\\\/www.jourtranquille.com\\\/index.php\\\/integration-de-programmes-daffiliation-par-jourtranquille\\\/#primaryimage\",\"url\":\"https:\\\/\\\/www.jourtranquille.com\\\/wp-content\\\/uploads\\\/sites\\\/18\\\/2023\\\/05\\\/icone.png\",\"contentUrl\":\"https:\\\/\\\/www.jourtranquille.com\\\/wp-content\\\/uploads\\\/sites\\\/18\\\/2023\\\/05\\\/icone.png\",\"width\":518,\"height\":512},{\"@type\":\"BreadcrumbList\",\"@id\":\"https:\\\/\\\/www.jourtranquille.com\\\/index.php\\\/integration-de-programmes-daffiliation-par-jourtranquille\\\/#breadcrumb\",\"itemListElement\":[{\"@type\":\"ListItem\",\"position\":1,\"name\":\"Accueil\",\"item\":\"https:\\\/\\\/www.jourtranquille.com\\\/\"},{\"@type\":\"ListItem\",\"position\":2,\"name\":\"Int\u00e9gration de programmes d&rsquo;affiliation par JourTranquille\"}]},{\"@type\":\"WebSite\",\"@id\":\"https:\\\/\\\/www.jourtranquille.com\\\/#website\",\"url\":\"https:\\\/\\\/www.jourtranquille.com\\\/\",\"name\":\"JourTranquille\",\"description\":\"Performance M\u00e9dia\",\"publisher\":{\"@id\":\"https:\\\/\\\/www.jourtranquille.com\\\/#organization\"},\"potentialAction\":[{\"@type\":\"SearchAction\",\"target\":{\"@type\":\"EntryPoint\",\"urlTemplate\":\"https:\\\/\\\/www.jourtranquille.com\\\/?s={search_term_string}\"},\"query-input\":{\"@type\":\"PropertyValueSpecification\",\"valueRequired\":true,\"valueName\":\"search_term_string\"}}],\"inLanguage\":\"fr-FR\"},{\"@type\":\"Organization\",\"@id\":\"https:\\\/\\\/www.jourtranquille.com\\\/#organization\",\"name\":\"JourTranquille\",\"url\":\"https:\\\/\\\/www.jourtranquille.com\\\/\",\"logo\":{\"@type\":\"ImageObject\",\"inLanguage\":\"fr-FR\",\"@id\":\"https:\\\/\\\/www.jourtranquille.com\\\/#\\\/schema\\\/logo\\\/image\\\/\",\"url\":\"https:\\\/\\\/www.jourtranquille.com\\\/wp-content\\\/uploads\\\/sites\\\/18\\\/2023\\\/05\\\/cropped-Logo_JT_2.png\",\"contentUrl\":\"https:\\\/\\\/www.jourtranquille.com\\\/wp-content\\\/uploads\\\/sites\\\/18\\\/2023\\\/05\\\/cropped-Logo_JT_2.png\",\"width\":1017,\"height\":250,\"caption\":\"JourTranquille\"},\"image\":{\"@id\":\"https:\\\/\\\/www.jourtranquille.com\\\/#\\\/schema\\\/logo\\\/image\\\/\"}}]}<\/script>\n<!-- \/ Yoast SEO plugin. -->","yoast_head_json":{"title":"Int\u00e9gration de programmes d'affiliation par JourTranquille - JourTranquille","description":"Int\u00e9gration de programmes d'affiliation par JourTranquille","robots":{"index":"index","follow":"follow","max-snippet":"max-snippet:-1","max-image-preview":"max-image-preview:large","max-video-preview":"max-video-preview:-1"},"canonical":"https:\/\/www.jourtranquille.com\/index.php\/integration-de-programmes-daffiliation-par-jourtranquille\/","og_locale":"fr_FR","og_type":"article","og_title":"Int\u00e9gration de programmes d'affiliation par JourTranquille - JourTranquille","og_description":"Int\u00e9gration de programmes d'affiliation par JourTranquille","og_url":"https:\/\/www.jourtranquille.com\/index.php\/integration-de-programmes-daffiliation-par-jourtranquille\/","og_site_name":"JourTranquille","article_modified_time":"2025-05-08T18:26:32+00:00","og_image":[{"url":"https:\/\/www.jourtranquille.com\/wp-content\/uploads\/sites\/18\/2023\/05\/icone.png","type":"","width":"","height":""}],"twitter_card":"summary_large_image","twitter_misc":{"Dur\u00e9e de lecture estim\u00e9e":"1 minute"},"schema":{"@context":"https:\/\/schema.org","@graph":[{"@type":"WebPage","@id":"https:\/\/www.jourtranquille.com\/index.php\/integration-de-programmes-daffiliation-par-jourtranquille\/","url":"https:\/\/www.jourtranquille.com\/index.php\/integration-de-programmes-daffiliation-par-jourtranquille\/","name":"Int\u00e9gration de programmes d'affiliation par JourTranquille - JourTranquille","isPartOf":{"@id":"https:\/\/www.jourtranquille.com\/#website"},"primaryImageOfPage":{"@id":"https:\/\/www.jourtranquille.com\/index.php\/integration-de-programmes-daffiliation-par-jourtranquille\/#primaryimage"},"image":{"@id":"https:\/\/www.jourtranquille.com\/index.php\/integration-de-programmes-daffiliation-par-jourtranquille\/#primaryimage"},"thumbnailUrl":"https:\/\/www.jourtranquille.com\/wp-content\/uploads\/sites\/18\/2023\/05\/icone.png","datePublished":"2019-08-21T10:16:22+00:00","dateModified":"2025-05-08T18:26:32+00:00","description":"Int\u00e9gration de programmes d'affiliation par JourTranquille","breadcrumb":{"@id":"https:\/\/www.jourtranquille.com\/index.php\/integration-de-programmes-daffiliation-par-jourtranquille\/#breadcrumb"},"inLanguage":"fr-FR","potentialAction":[{"@type":"ReadAction","target":["https:\/\/www.jourtranquille.com\/index.php\/integration-de-programmes-daffiliation-par-jourtranquille\/"]}]},{"@type":"ImageObject","inLanguage":"fr-FR","@id":"https:\/\/www.jourtranquille.com\/index.php\/integration-de-programmes-daffiliation-par-jourtranquille\/#primaryimage","url":"https:\/\/www.jourtranquille.com\/wp-content\/uploads\/sites\/18\/2023\/05\/icone.png","contentUrl":"https:\/\/www.jourtranquille.com\/wp-content\/uploads\/sites\/18\/2023\/05\/icone.png","width":518,"height":512},{"@type":"BreadcrumbList","@id":"https:\/\/www.jourtranquille.com\/index.php\/integration-de-programmes-daffiliation-par-jourtranquille\/#breadcrumb","itemListElement":[{"@type":"ListItem","position":1,"name":"Accueil","item":"https:\/\/www.jourtranquille.com\/"},{"@type":"ListItem","position":2,"name":"Int\u00e9gration de programmes d&rsquo;affiliation par JourTranquille"}]},{"@type":"WebSite","@id":"https:\/\/www.jourtranquille.com\/#website","url":"https:\/\/www.jourtranquille.com\/","name":"JourTranquille","description":"Performance M\u00e9dia","publisher":{"@id":"https:\/\/www.jourtranquille.com\/#organization"},"potentialAction":[{"@type":"SearchAction","target":{"@type":"EntryPoint","urlTemplate":"https:\/\/www.jourtranquille.com\/?s={search_term_string}"},"query-input":{"@type":"PropertyValueSpecification","valueRequired":true,"valueName":"search_term_string"}}],"inLanguage":"fr-FR"},{"@type":"Organization","@id":"https:\/\/www.jourtranquille.com\/#organization","name":"JourTranquille","url":"https:\/\/www.jourtranquille.com\/","logo":{"@type":"ImageObject","inLanguage":"fr-FR","@id":"https:\/\/www.jourtranquille.com\/#\/schema\/logo\/image\/","url":"https:\/\/www.jourtranquille.com\/wp-content\/uploads\/sites\/18\/2023\/05\/cropped-Logo_JT_2.png","contentUrl":"https:\/\/www.jourtranquille.com\/wp-content\/uploads\/sites\/18\/2023\/05\/cropped-Logo_JT_2.png","width":1017,"height":250,"caption":"JourTranquille"},"image":{"@id":"https:\/\/www.jourtranquille.com\/#\/schema\/logo\/image\/"}}]}},"_links":{"self":[{"href":"https:\/\/www.jourtranquille.com\/index.php\/wp-json\/wp\/v2\/pages\/31","targetHints":{"allow":["GET"]}}],"collection":[{"href":"https:\/\/www.jourtranquille.com\/index.php\/wp-json\/wp\/v2\/pages"}],"about":[{"href":"https:\/\/www.jourtranquille.com\/index.php\/wp-json\/wp\/v2\/types\/page"}],"author":[{"embeddable":true,"href":"https:\/\/www.jourtranquille.com\/index.php\/wp-json\/wp\/v2\/users\/2"}],"replies":[{"embeddable":true,"href":"https:\/\/www.jourtranquille.com\/index.php\/wp-json\/wp\/v2\/comments?post=31"}],"version-history":[{"count":0,"href":"https:\/\/www.jourtranquille.com\/index.php\/wp-json\/wp\/v2\/pages\/31\/revisions"}],"wp:attachment":[{"href":"https:\/\/www.jourtranquille.com\/index.php\/wp-json\/wp\/v2\/media?parent=31"}],"curies":[{"name":"wp","href":"https:\/\/api.w.org\/{rel}","templated":true}]}}