{"id":26,"date":"2019-08-21T12:08:59","date_gmt":"2019-08-21T10:08:59","guid":{"rendered":"http:\/\/35.180.77.79\/?page_id=26"},"modified":"2025-05-04T23:38:16","modified_gmt":"2025-05-04T21:38:16","slug":"strategie-implementation-et-suivi-des-optimisations-techniques-et-semantiques-pour-un-referencement-naturel-seo-optimal-par-jourtranquille","status":"publish","type":"page","link":"https:\/\/www.jourtranquille.com\/index.php\/strategie-implementation-et-suivi-des-optimisations-techniques-et-semantiques-pour-un-referencement-naturel-seo-optimal-par-jourtranquille\/","title":{"rendered":"Strat\u00e9gie pour un r\u00e9f\u00e9rencement naturel (SEO) optimal par JourTranquille"},"content":{"rendered":"\n<p>JourTranquille, \u00e9diteur de contenu expert en R\u00e9f\u00e9rencement Naturel (SEO), d\u00e9veloppe des techniques et de la s\u00e9mantiques pour faire \u00e9voluer la popularit\u00e9 de son portefeuille de sites th\u00e9matiques afin d&#8217;y incorporer les bonnes pratiques SEO.<\/p>\n\n\n\n<p>L&#8217;accompagnement qualitatif de JourTranquille permet aux sites \u00e9dit\u00e9s de gagner en positionnement dans leurs univers th\u00e9matiques gr\u00e2ce au travail expert sur les mots-cl\u00e9s strat\u00e9giques et aux rapports de positionnement permettant un suivi pr\u00e9cis de leur visibilit\u00e9.<\/p>\n\n\n\n<p>Les experts SEO de  JourTranquille travaillent sur une strat\u00e9gie Long Tail. Ceci afin de se d\u00e9marquer de la concurrence en optimisant la rentabilit\u00e9 de toute la largeur et profondeur de leur catalogue.<\/p>\n\n\n\n<p> JourTranquille  permet ainsi aux marques et agences partenaires de leur drainer un trafic hautement qualifi\u00e9 et \u00e0 la performance.<\/p>\n\n\n\n<p class=\"has-text-align-center\"><img loading=\"lazy\" decoding=\"async\" src=\"https:\/\/www.jourtranquille.com\/wp-content\/uploads\/sites\/18\/2023\/05\/icone.png\" alt=\"JourTranquille\" width=\"60\" height=\"60\"><\/p>\n","protected":false},"excerpt":{"rendered":"<p>JourTranquille, \u00e9diteur de contenu expert en R\u00e9f\u00e9rencement Naturel (SEO), d\u00e9veloppe des techniques et de la s\u00e9mantiques pour faire \u00e9voluer la popularit\u00e9 de son portefeuille de sites th\u00e9matiques afin d&#8217;y incorporer les bonnes pratiques SEO. L&#8217;accompagnement qualitatif de JourTranquille permet aux sites \u00e9dit\u00e9s de gagner en positionnement dans leurs univers th\u00e9matiques gr\u00e2ce au travail expert sur &hellip; <\/p>\n<p class=\"link-more\"><a href=\"https:\/\/www.jourtranquille.com\/index.php\/strategie-implementation-et-suivi-des-optimisations-techniques-et-semantiques-pour-un-referencement-naturel-seo-optimal-par-jourtranquille\/\" class=\"more-link\">Continuer la lecture<span class=\"screen-reader-text\"> de &laquo;&nbsp;Strat\u00e9gie pour un r\u00e9f\u00e9rencement naturel (SEO) optimal par JourTranquille&nbsp;&raquo;<\/span><\/a><\/p>\n","protected":false},"author":2,"featured_media":0,"parent":0,"menu_order":0,"comment_status":"closed","ping_status":"closed","template":"","meta":{"footnotes":""},"class_list":["post-26","page","type-page","status-publish","hentry"],"yoast_head":"<!-- This site is optimized with the Yoast SEO plugin v27.4 - https:\/\/yoast.com\/product\/yoast-seo-wordpress\/ -->\n<title>Strat\u00e9gie pour un r\u00e9f\u00e9rencement naturel (SEO) optimal par JourTranquille - JourTranquille<\/title>\n<meta name=\"description\" content=\"Strat\u00e9gie pour un r\u00e9f\u00e9rencement naturel (SEO) optimal par JourTranquille\" \/>\n<meta name=\"robots\" content=\"index, follow, max-snippet:-1, max-image-preview:large, max-video-preview:-1\" \/>\n<link rel=\"canonical\" href=\"https:\/\/www.jourtranquille.com\/index.php\/strategie-implementation-et-suivi-des-optimisations-techniques-et-semantiques-pour-un-referencement-naturel-seo-optimal-par-jourtranquille\/\" \/>\n<meta property=\"og:locale\" content=\"fr_FR\" \/>\n<meta property=\"og:type\" content=\"article\" \/>\n<meta property=\"og:title\" content=\"Strat\u00e9gie pour un r\u00e9f\u00e9rencement naturel (SEO) optimal par JourTranquille - JourTranquille\" \/>\n<meta property=\"og:description\" content=\"Strat\u00e9gie pour un r\u00e9f\u00e9rencement naturel (SEO) optimal par JourTranquille\" \/>\n<meta property=\"og:url\" content=\"https:\/\/www.jourtranquille.com\/index.php\/strategie-implementation-et-suivi-des-optimisations-techniques-et-semantiques-pour-un-referencement-naturel-seo-optimal-par-jourtranquille\/\" \/>\n<meta property=\"og:site_name\" content=\"JourTranquille\" \/>\n<meta property=\"article:modified_time\" content=\"2025-05-04T21:38:16+00:00\" \/>\n<meta property=\"og:image\" content=\"https:\/\/www.jourtranquille.com\/wp-content\/uploads\/sites\/18\/2023\/05\/icone.png\" \/>\n<meta name=\"twitter:card\" content=\"summary_large_image\" \/>\n<meta name=\"twitter:label1\" content=\"Dur\u00e9e de lecture estim\u00e9e\" \/>\n\t<meta name=\"twitter:data1\" content=\"1 minute\" \/>\n<script type=\"application\/ld+json\" class=\"yoast-schema-graph\">{\"@context\":\"https:\\\/\\\/schema.org\",\"@graph\":[{\"@type\":\"WebPage\",\"@id\":\"https:\\\/\\\/www.jourtranquille.com\\\/index.php\\\/strategie-implementation-et-suivi-des-optimisations-techniques-et-semantiques-pour-un-referencement-naturel-seo-optimal-par-jourtranquille\\\/\",\"url\":\"https:\\\/\\\/www.jourtranquille.com\\\/index.php\\\/strategie-implementation-et-suivi-des-optimisations-techniques-et-semantiques-pour-un-referencement-naturel-seo-optimal-par-jourtranquille\\\/\",\"name\":\"Strat\u00e9gie pour un r\u00e9f\u00e9rencement naturel (SEO) optimal par JourTranquille - JourTranquille\",\"isPartOf\":{\"@id\":\"https:\\\/\\\/www.jourtranquille.com\\\/#website\"},\"primaryImageOfPage\":{\"@id\":\"https:\\\/\\\/www.jourtranquille.com\\\/index.php\\\/strategie-implementation-et-suivi-des-optimisations-techniques-et-semantiques-pour-un-referencement-naturel-seo-optimal-par-jourtranquille\\\/#primaryimage\"},\"image\":{\"@id\":\"https:\\\/\\\/www.jourtranquille.com\\\/index.php\\\/strategie-implementation-et-suivi-des-optimisations-techniques-et-semantiques-pour-un-referencement-naturel-seo-optimal-par-jourtranquille\\\/#primaryimage\"},\"thumbnailUrl\":\"https:\\\/\\\/www.jourtranquille.com\\\/wp-content\\\/uploads\\\/sites\\\/18\\\/2023\\\/05\\\/icone.png\",\"datePublished\":\"2019-08-21T10:08:59+00:00\",\"dateModified\":\"2025-05-04T21:38:16+00:00\",\"description\":\"Strat\u00e9gie pour un r\u00e9f\u00e9rencement naturel (SEO) optimal par JourTranquille\",\"breadcrumb\":{\"@id\":\"https:\\\/\\\/www.jourtranquille.com\\\/index.php\\\/strategie-implementation-et-suivi-des-optimisations-techniques-et-semantiques-pour-un-referencement-naturel-seo-optimal-par-jourtranquille\\\/#breadcrumb\"},\"inLanguage\":\"fr-FR\",\"potentialAction\":[{\"@type\":\"ReadAction\",\"target\":[\"https:\\\/\\\/www.jourtranquille.com\\\/index.php\\\/strategie-implementation-et-suivi-des-optimisations-techniques-et-semantiques-pour-un-referencement-naturel-seo-optimal-par-jourtranquille\\\/\"]}]},{\"@type\":\"ImageObject\",\"inLanguage\":\"fr-FR\",\"@id\":\"https:\\\/\\\/www.jourtranquille.com\\\/index.php\\\/strategie-implementation-et-suivi-des-optimisations-techniques-et-semantiques-pour-un-referencement-naturel-seo-optimal-par-jourtranquille\\\/#primaryimage\",\"url\":\"https:\\\/\\\/www.jourtranquille.com\\\/wp-content\\\/uploads\\\/sites\\\/18\\\/2023\\\/05\\\/icone.png\",\"contentUrl\":\"https:\\\/\\\/www.jourtranquille.com\\\/wp-content\\\/uploads\\\/sites\\\/18\\\/2023\\\/05\\\/icone.png\",\"width\":518,\"height\":512},{\"@type\":\"BreadcrumbList\",\"@id\":\"https:\\\/\\\/www.jourtranquille.com\\\/index.php\\\/strategie-implementation-et-suivi-des-optimisations-techniques-et-semantiques-pour-un-referencement-naturel-seo-optimal-par-jourtranquille\\\/#breadcrumb\",\"itemListElement\":[{\"@type\":\"ListItem\",\"position\":1,\"name\":\"Accueil\",\"item\":\"https:\\\/\\\/www.jourtranquille.com\\\/\"},{\"@type\":\"ListItem\",\"position\":2,\"name\":\"Strat\u00e9gie pour un r\u00e9f\u00e9rencement naturel (SEO) optimal par JourTranquille\"}]},{\"@type\":\"WebSite\",\"@id\":\"https:\\\/\\\/www.jourtranquille.com\\\/#website\",\"url\":\"https:\\\/\\\/www.jourtranquille.com\\\/\",\"name\":\"JourTranquille\",\"description\":\"Performance M\u00e9dia\",\"publisher\":{\"@id\":\"https:\\\/\\\/www.jourtranquille.com\\\/#organization\"},\"potentialAction\":[{\"@type\":\"SearchAction\",\"target\":{\"@type\":\"EntryPoint\",\"urlTemplate\":\"https:\\\/\\\/www.jourtranquille.com\\\/?s={search_term_string}\"},\"query-input\":{\"@type\":\"PropertyValueSpecification\",\"valueRequired\":true,\"valueName\":\"search_term_string\"}}],\"inLanguage\":\"fr-FR\"},{\"@type\":\"Organization\",\"@id\":\"https:\\\/\\\/www.jourtranquille.com\\\/#organization\",\"name\":\"JourTranquille\",\"url\":\"https:\\\/\\\/www.jourtranquille.com\\\/\",\"logo\":{\"@type\":\"ImageObject\",\"inLanguage\":\"fr-FR\",\"@id\":\"https:\\\/\\\/www.jourtranquille.com\\\/#\\\/schema\\\/logo\\\/image\\\/\",\"url\":\"https:\\\/\\\/www.jourtranquille.com\\\/wp-content\\\/uploads\\\/sites\\\/18\\\/2023\\\/05\\\/cropped-Logo_JT_2.png\",\"contentUrl\":\"https:\\\/\\\/www.jourtranquille.com\\\/wp-content\\\/uploads\\\/sites\\\/18\\\/2023\\\/05\\\/cropped-Logo_JT_2.png\",\"width\":1017,\"height\":250,\"caption\":\"JourTranquille\"},\"image\":{\"@id\":\"https:\\\/\\\/www.jourtranquille.com\\\/#\\\/schema\\\/logo\\\/image\\\/\"}}]}<\/script>\n<!-- \/ Yoast SEO plugin. -->","yoast_head_json":{"title":"Strat\u00e9gie pour un r\u00e9f\u00e9rencement naturel (SEO) optimal par JourTranquille - JourTranquille","description":"Strat\u00e9gie pour un r\u00e9f\u00e9rencement naturel (SEO) optimal par JourTranquille","robots":{"index":"index","follow":"follow","max-snippet":"max-snippet:-1","max-image-preview":"max-image-preview:large","max-video-preview":"max-video-preview:-1"},"canonical":"https:\/\/www.jourtranquille.com\/index.php\/strategie-implementation-et-suivi-des-optimisations-techniques-et-semantiques-pour-un-referencement-naturel-seo-optimal-par-jourtranquille\/","og_locale":"fr_FR","og_type":"article","og_title":"Strat\u00e9gie pour un r\u00e9f\u00e9rencement naturel (SEO) optimal par JourTranquille - JourTranquille","og_description":"Strat\u00e9gie pour un r\u00e9f\u00e9rencement naturel (SEO) optimal par JourTranquille","og_url":"https:\/\/www.jourtranquille.com\/index.php\/strategie-implementation-et-suivi-des-optimisations-techniques-et-semantiques-pour-un-referencement-naturel-seo-optimal-par-jourtranquille\/","og_site_name":"JourTranquille","article_modified_time":"2025-05-04T21:38:16+00:00","og_image":[{"url":"https:\/\/www.jourtranquille.com\/wp-content\/uploads\/sites\/18\/2023\/05\/icone.png","type":"","width":"","height":""}],"twitter_card":"summary_large_image","twitter_misc":{"Dur\u00e9e de lecture estim\u00e9e":"1 minute"},"schema":{"@context":"https:\/\/schema.org","@graph":[{"@type":"WebPage","@id":"https:\/\/www.jourtranquille.com\/index.php\/strategie-implementation-et-suivi-des-optimisations-techniques-et-semantiques-pour-un-referencement-naturel-seo-optimal-par-jourtranquille\/","url":"https:\/\/www.jourtranquille.com\/index.php\/strategie-implementation-et-suivi-des-optimisations-techniques-et-semantiques-pour-un-referencement-naturel-seo-optimal-par-jourtranquille\/","name":"Strat\u00e9gie pour un r\u00e9f\u00e9rencement naturel (SEO) optimal par JourTranquille - JourTranquille","isPartOf":{"@id":"https:\/\/www.jourtranquille.com\/#website"},"primaryImageOfPage":{"@id":"https:\/\/www.jourtranquille.com\/index.php\/strategie-implementation-et-suivi-des-optimisations-techniques-et-semantiques-pour-un-referencement-naturel-seo-optimal-par-jourtranquille\/#primaryimage"},"image":{"@id":"https:\/\/www.jourtranquille.com\/index.php\/strategie-implementation-et-suivi-des-optimisations-techniques-et-semantiques-pour-un-referencement-naturel-seo-optimal-par-jourtranquille\/#primaryimage"},"thumbnailUrl":"https:\/\/www.jourtranquille.com\/wp-content\/uploads\/sites\/18\/2023\/05\/icone.png","datePublished":"2019-08-21T10:08:59+00:00","dateModified":"2025-05-04T21:38:16+00:00","description":"Strat\u00e9gie pour un r\u00e9f\u00e9rencement naturel (SEO) optimal par JourTranquille","breadcrumb":{"@id":"https:\/\/www.jourtranquille.com\/index.php\/strategie-implementation-et-suivi-des-optimisations-techniques-et-semantiques-pour-un-referencement-naturel-seo-optimal-par-jourtranquille\/#breadcrumb"},"inLanguage":"fr-FR","potentialAction":[{"@type":"ReadAction","target":["https:\/\/www.jourtranquille.com\/index.php\/strategie-implementation-et-suivi-des-optimisations-techniques-et-semantiques-pour-un-referencement-naturel-seo-optimal-par-jourtranquille\/"]}]},{"@type":"ImageObject","inLanguage":"fr-FR","@id":"https:\/\/www.jourtranquille.com\/index.php\/strategie-implementation-et-suivi-des-optimisations-techniques-et-semantiques-pour-un-referencement-naturel-seo-optimal-par-jourtranquille\/#primaryimage","url":"https:\/\/www.jourtranquille.com\/wp-content\/uploads\/sites\/18\/2023\/05\/icone.png","contentUrl":"https:\/\/www.jourtranquille.com\/wp-content\/uploads\/sites\/18\/2023\/05\/icone.png","width":518,"height":512},{"@type":"BreadcrumbList","@id":"https:\/\/www.jourtranquille.com\/index.php\/strategie-implementation-et-suivi-des-optimisations-techniques-et-semantiques-pour-un-referencement-naturel-seo-optimal-par-jourtranquille\/#breadcrumb","itemListElement":[{"@type":"ListItem","position":1,"name":"Accueil","item":"https:\/\/www.jourtranquille.com\/"},{"@type":"ListItem","position":2,"name":"Strat\u00e9gie pour un r\u00e9f\u00e9rencement naturel (SEO) optimal par JourTranquille"}]},{"@type":"WebSite","@id":"https:\/\/www.jourtranquille.com\/#website","url":"https:\/\/www.jourtranquille.com\/","name":"JourTranquille","description":"Performance M\u00e9dia","publisher":{"@id":"https:\/\/www.jourtranquille.com\/#organization"},"potentialAction":[{"@type":"SearchAction","target":{"@type":"EntryPoint","urlTemplate":"https:\/\/www.jourtranquille.com\/?s={search_term_string}"},"query-input":{"@type":"PropertyValueSpecification","valueRequired":true,"valueName":"search_term_string"}}],"inLanguage":"fr-FR"},{"@type":"Organization","@id":"https:\/\/www.jourtranquille.com\/#organization","name":"JourTranquille","url":"https:\/\/www.jourtranquille.com\/","logo":{"@type":"ImageObject","inLanguage":"fr-FR","@id":"https:\/\/www.jourtranquille.com\/#\/schema\/logo\/image\/","url":"https:\/\/www.jourtranquille.com\/wp-content\/uploads\/sites\/18\/2023\/05\/cropped-Logo_JT_2.png","contentUrl":"https:\/\/www.jourtranquille.com\/wp-content\/uploads\/sites\/18\/2023\/05\/cropped-Logo_JT_2.png","width":1017,"height":250,"caption":"JourTranquille"},"image":{"@id":"https:\/\/www.jourtranquille.com\/#\/schema\/logo\/image\/"}}]}},"_links":{"self":[{"href":"https:\/\/www.jourtranquille.com\/index.php\/wp-json\/wp\/v2\/pages\/26","targetHints":{"allow":["GET"]}}],"collection":[{"href":"https:\/\/www.jourtranquille.com\/index.php\/wp-json\/wp\/v2\/pages"}],"about":[{"href":"https:\/\/www.jourtranquille.com\/index.php\/wp-json\/wp\/v2\/types\/page"}],"author":[{"embeddable":true,"href":"https:\/\/www.jourtranquille.com\/index.php\/wp-json\/wp\/v2\/users\/2"}],"replies":[{"embeddable":true,"href":"https:\/\/www.jourtranquille.com\/index.php\/wp-json\/wp\/v2\/comments?post=26"}],"version-history":[{"count":0,"href":"https:\/\/www.jourtranquille.com\/index.php\/wp-json\/wp\/v2\/pages\/26\/revisions"}],"wp:attachment":[{"href":"https:\/\/www.jourtranquille.com\/index.php\/wp-json\/wp\/v2\/media?parent=26"}],"curies":[{"name":"wp","href":"https:\/\/api.w.org\/{rel}","templated":true}]}}